{"id":29,"date":"2021-11-01T10:06:51","date_gmt":"2021-11-01T10:06:51","guid":{"rendered":"http:\/\/www.mostowik.pl\/?page_id=29"},"modified":"2025-10-21T21:30:24","modified_gmt":"2025-10-21T21:30:24","slug":"autor","status":"publish","type":"page","link":"https:\/\/www.mostowik.pl\/index.php\/autor\/","title":{"rendered":"O mnie"},"content":{"rendered":"\n<div class=\"wp-block-columns\">\n<div class=\"wp-block-column\" style=\"flex-basis:100%\">\n<div class=\"wp-block-columns\">\n<div class=\"wp-block-column\" style=\"flex-basis:33.33%\">\n<p class=\"has-medium-font-size\"><strong>Cze\u015b\u0107, nazywam si\u0119 Micha\u0142.<\/strong> <strong>Mi\u0142o Ci\u0119 pozna\u0107.<\/strong><\/p>\n\n\n\n<p><\/p>\n<\/div>\n\n\n\n<div class=\"wp-block-column\" style=\"flex-basis:66.66%\">\n<figure class=\"wp-block-image size-large\"><img loading=\"lazy\" width=\"1692\" height=\"1129\" src=\"http:\/\/www.mostowik.pl\/wp-content\/uploads\/2021\/11\/005_TBPS_UJ_fotMaciekBernas_20191214-edited.jpg\" alt=\"\" class=\"wp-image-54\" srcset=\"https:\/\/www.mostowik.pl\/wp-content\/uploads\/2021\/11\/005_TBPS_UJ_fotMaciekBernas_20191214-edited.jpg 1692w, https:\/\/www.mostowik.pl\/wp-content\/uploads\/2021\/11\/005_TBPS_UJ_fotMaciekBernas_20191214-edited-300x200.jpg 300w, https:\/\/www.mostowik.pl\/wp-content\/uploads\/2021\/11\/005_TBPS_UJ_fotMaciekBernas_20191214-edited-1024x683.jpg 1024w, https:\/\/www.mostowik.pl\/wp-content\/uploads\/2021\/11\/005_TBPS_UJ_fotMaciekBernas_20191214-edited-768x512.jpg 768w, https:\/\/www.mostowik.pl\/wp-content\/uploads\/2021\/11\/005_TBPS_UJ_fotMaciekBernas_20191214-edited-1536x1025.jpg 1536w, https:\/\/www.mostowik.pl\/wp-content\/uploads\/2021\/11\/005_TBPS_UJ_fotMaciekBernas_20191214-edited-700x467.jpg 700w, https:\/\/www.mostowik.pl\/wp-content\/uploads\/2021\/11\/005_TBPS_UJ_fotMaciekBernas_20191214-edited-520x347.jpg 520w, https:\/\/www.mostowik.pl\/wp-content\/uploads\/2021\/11\/005_TBPS_UJ_fotMaciekBernas_20191214-edited-360x240.jpg 360w, https:\/\/www.mostowik.pl\/wp-content\/uploads\/2021\/11\/005_TBPS_UJ_fotMaciekBernas_20191214-edited-250x167.jpg 250w, https:\/\/www.mostowik.pl\/wp-content\/uploads\/2021\/11\/005_TBPS_UJ_fotMaciekBernas_20191214-edited-100x67.jpg 100w\" sizes=\"(max-width: 1692px) 100vw, 1692px\" \/><\/figure>\n<\/div>\n<\/div>\n<\/div>\n<\/div>\n\n\n\n<p><strong>Ristretto<\/strong>: Jestem adwokatem i od kilkunastu lat doradzam przy wdro\u017ceniach prze\u0142omowych technologii, innowacji finansowych i przyjaznych us\u0142ug finansowych.<\/p>\n\n\n\n<p><strong>Lungo:<\/strong> Interesuje mnie doradztwo regulacyjne i lubi\u0119 analizowa\u0107, ocenia\u0107 i stosowa\u0107 regulacje. Cho\u0107 nie zajmuj\u0119 si\u0119 tym zawodowo, kilkukrotnie pomaga\u0142em r\u00f3wnie\u017c w ich tworzeniu &#8211; mi\u0119dzy innymi jako pierwszy zaproponowa\u0142em koncepcj\u0119 utworzenia odr\u0119bnego, kolegialnego organu nadzoru nad AI Act (Komisja Rozwoju i Bezpiecze\u0144stwa Sztucznej Inteligencji).<\/p>\n\n\n\n<p>Mog\u0119 z satysfakcj\u0105 powiedzie\u0107, \u017ce z sektorem finansowym i technologicznym pozna\u0142em si\u0119 ca\u0142kiem dobrze. Nie umiem dok\u0142adnie policzy\u0107 wszystkich projekt\u00f3w, kt\u00f3re zrealizowa\u0142em dla moich klient\u00f3w, ale wspiera\u0142em wdro\u017cenia z obszaru innowacji finansowych, regulacji danych i nowych technologii, cyberbezpiecze\u0144stwa oraz prawa IT. Prowadzi\u0142em projekty z obszaru najwa\u017cniejszych regulacji dla rynku finansowego &#8211; mi\u0119dzy innymi PSD2, DORA, AI Act, AML, RODO, EAA. Doradza\u0142em te\u017c w wielu transakcjach M&amp;A (m.in. dla wiod\u0105cych funduszy inwestycyjnych oraz inwestor\u00f3w bran\u017cowych). Koordynowa\u0142em projekty mi\u0119dzynarodowe, kt\u00f3re obejmowa\u0142y &#8211; tak, te liczby nawet mnie nie przestaj\u0105 zaskakiwa\u0107 &#8211; kilkadziesi\u0105t pa\u0144stw na pi\u0119ciu kontynentach. Wsp\u00f3\u0142pracuj\u0119 lub wsp\u00f3\u0142pracowa\u0142em z wszystkimi licz\u0105cymi si\u0119 izbami gospodarczymi w Polsce: ze Zwi\u0105zkiem Bank\u00f3w Polskich, Polsk\u0105 Izb\u0105 Ubezpiecze\u0144, Zwi\u0105zkiem Przedsi\u0119biorstw Finansowych w Polsce, Polsk\u0105 Organizacj\u0105 Niebankowych Instytucji P\u0142atno\u015bci, Izb\u0105 Dom\u00f3w Maklerskich i Izb\u0105 Gospodarki Elektronicznej (e-Izba).<\/p>\n\n\n\n<p>Czasem trudno to ogarn\u0105\u0107 pami\u0119ci\u0105, ale to bezcenne do\u015bwiadczenie: wielkich i ma\u0142ych sukces\u00f3w. Zdarzy\u0142y si\u0119 te\u017c wa\u017cne lekcje na przysz\u0142o\u015b\u0107. Cho\u0107 przez wi\u0119kszo\u015b\u0107 \u017cycia zawodowego doradzam najwi\u0119kszym polskim instytucjom finansowym, pracowa\u0142em te\u017c dla sektora IT, energetycznego, ochrony zdrowia czy elektromobilno\u015bci.<\/p>\n\n\n\n<p>Zwi\u0105zek Bank\u00f3w Polskich uhonorowa\u0142 mnie Medalem im. Miko\u0142aja Kopernika w uznaniu szczeg\u00f3lnych zas\u0142ug dla budowy i rozwoju sektora bankowego (2024). Jestem te\u017c regularnie doceniany przez mi\u0119dzynarodowy ranking Legal 500 EMEA: Poland &#8211; dwukrotnie w kategorii <em>TMT<\/em> (2021, 2022), a od 2022 nieprzerwanie w kategorii <em>Banking &amp; finance<\/em> (2022-2025). Prowadzony przeze mnie zesp\u00f3\u0142 otrzyma\u0142 r\u00f3wnie\u017c rekomendacj\u0119 Chambers Fintech 2025 (Poland &#8211; Fintech legal).<\/p>\n\n\n\n<div class=\"wp-block-columns\">\n<div class=\"wp-block-column\" style=\"flex-basis:66.66%\">\n<p>Mo\u017cliwe, \u017ce ju\u017c kiedy\u015b si\u0119 spotkali\u015bmy: by\u0142em prelegentem na niezliczonej liczbie konferencji, szkole\u0144, webinar\u00f3w i warsztat\u00f3w. Wyst\u0119powa\u0142em na najwa\u017cniejszych wydarzeniach (w tym Money 20\/20 Roadshow w Budapeszcie, Europejski Kongres Finansowy w Sopocie, Konferencja Rynku Kapita\u0142owego IDM w Bukowinie, Retailtec Congress, Kongres Prawa Bankowego ZBP czy Konferencja GRAI w Warszawie). Regularnie publikuj\u0119 kr\u00f3tkie artyku\u0142y na \u0142amach <a rel=\"noreferrer noopener\" href=\"https:\/\/www2.deloitte.com\/pl\/pl\/pages\/doradztwo-prawne\/topics\/blog-prawo-nowych-technologii.html\" target=\"_blank\">Bloga Prawo Nowych Technologii<\/a> oraz w <a rel=\"noreferrer noopener\" href=\"https:\/\/www2.deloitte.com\/pl\/pl\/pages\/financial-services\/articles\/newsletter\/newsletter-prawny.html\" data-type=\"URL\" data-id=\"https:\/\/www2.deloitte.com\/pl\/pl\/pages\/financial-services\/articles\/newsletter\/newsletter-prawny.html\" target=\"_blank\">Biuletynie prawnym dla bran\u017cy finansowej<\/a>. Moje teksty i wypowiedzi znajdziesz m.in. na \u0142amach Magazynu Bank, Rzeczpospolitej, Dziennika Gazety Prawnej czy Cashless.pl.<\/p>\n<\/div>\n\n\n\n<div class=\"wp-block-column\" style=\"flex-basis:33.33%\">\n<div class=\"wp-block-buttons\">\n<div class=\"wp-block-button is-style-outline\"><a class=\"wp-block-button__link\" href=\"http:\/\/www.mostowik.pl\/index.php\/autor\/publikacje\/\">Zobacz moje publikacje<\/a><\/div>\n<\/div>\n\n\n\n<p><\/p>\n<\/div>\n<\/div>\n\n\n\n<p>Je\u015bli odwiedzi\u0142e\u015b moj\u0105 stron\u0119, ch\u0119tnie pozostan\u0119 z Tob\u0105 w kontakcie. Jestem aktywny na Linkedin, mo\u017cesz r\u00f3wnie\u017c skontaktowa\u0107 si\u0119 ze mn\u0105 mailowo. Do us\u0142yszenia!<\/p>\n\n\n\n<div class=\"wp-block-group\"><div class=\"wp-block-group__inner-container\">\n<div class=\"wp-block-buttons is-content-justification-center\">\n<div class=\"wp-block-button is-style-outline\"><a class=\"wp-block-button__link\">michal{at}mostowik.pl<\/a><\/div>\n\n\n\n<div class=\"wp-block-button is-style-outline\"><a class=\"wp-block-button__link\" href=\"http:\/\/www.linkedin.com\/in\/mostowik\" target=\"_blank\" rel=\"noreferrer noopener\">Linkedin<\/a><\/div>\n\n\n\n<div class=\"wp-block-button is-style-outline\"><a class=\"wp-block-button__link\" href=\"http:\/\/www.twitter.com\/michalmostowik\" target=\"_blank\" rel=\"noreferrer noopener\">Twitter<\/a><\/div>\n<\/div>\n<\/div><\/div>\n\n\n\n<p><\/p>\n","protected":false},"excerpt":{"rendered":"<p>Cze\u015b\u0107, nazywam si\u0119 Micha\u0142. Mi\u0142o Ci\u0119 pozna\u0107. Ristretto: Jestem adwokatem i od kilkunastu lat doradzam przy wdro\u017ceniach prze\u0142omowych technologii, innowacji finansowych i przyjaznych us\u0142ug finansowych. Lungo: Interesuje mnie doradztwo regulacyjne i lubi\u0119 analizowa\u0107, ocenia\u0107 i stosowa\u0107 regulacje. Cho\u0107 nie zajmuj\u0119 [&hellip;]<\/p>\n","protected":false},"author":1,"featured_media":0,"parent":0,"menu_order":0,"comment_status":"closed","ping_status":"closed","template":"page-templates\/page_fullwidth.php","meta":[],"_links":{"self":[{"href":"https:\/\/www.mostowik.pl\/index.php\/wp-json\/wp\/v2\/pages\/29"}],"collection":[{"href":"https:\/\/www.mostowik.pl\/index.php\/wp-json\/wp\/v2\/pages"}],"about":[{"href":"https:\/\/www.mostowik.pl\/index.php\/wp-json\/wp\/v2\/types\/page"}],"author":[{"embeddable":true,"href":"https:\/\/www.mostowik.pl\/index.php\/wp-json\/wp\/v2\/users\/1"}],"replies":[{"embeddable":true,"href":"https:\/\/www.mostowik.pl\/index.php\/wp-json\/wp\/v2\/comments?post=29"}],"version-history":[{"count":23,"href":"https:\/\/www.mostowik.pl\/index.php\/wp-json\/wp\/v2\/pages\/29\/revisions"}],"predecessor-version":[{"id":176,"href":"https:\/\/www.mostowik.pl\/index.php\/wp-json\/wp\/v2\/pages\/29\/revisions\/176"}],"wp:attachment":[{"href":"https:\/\/www.mostowik.pl\/index.php\/wp-json\/wp\/v2\/media?parent=29"}],"curies":[{"name":"wp","href":"https:\/\/api.w.org\/{rel}","templated":true}]}}