{"id":83,"date":"2021-11-01T20:56:01","date_gmt":"2021-11-01T20:56:01","guid":{"rendered":"http:\/\/www.mostowik.pl\/?page_id=83"},"modified":"2021-11-02T23:07:46","modified_gmt":"2021-11-02T23:07:46","slug":"publikacje","status":"publish","type":"page","link":"https:\/\/www.mostowik.pl\/index.php\/autor\/publikacje\/","title":{"rendered":"Moje wybrane publikacje"},"content":{"rendered":"\n<ol type=\"1\"><li><em>Outsourcing chmurowy us\u0142ug otwartej bankowo\u015bci w dzia\u0142alno\u015bci bank\u00f3w<\/em>, Monitor Prawa Bankowego 2021 nr 7-8 (128-129)<br><a rel=\"noreferrer noopener\" href=\"https:\/\/www.monitorpb.pl\/_wydania\/1398.pdf\" target=\"_blank\">https:\/\/www.monitorpb.pl\/_wydania\/1398.pdf<\/a><\/li><li><em>Przetwarzanie danych osobowych cz\u0142onk\u00f3w zarz\u0105du i os\u00f3b pe\u0142ni\u0105cych inne kluczowe funkcje w banku \u2013 wybrane zagadnienia<\/em>, Monitor Prawa Bankowego 2019 nr 7-8 (104-105)<br><a rel=\"noreferrer noopener\" href=\"https:\/\/www.monitorpb.pl\/_wydania\/1133.pdf\" target=\"_blank\">https:\/\/www.monitorpb.pl\/_wydania\/1133.pdf<\/a><\/li><li><em>RODO na ostatniej prostej<\/em>, G\u0142os Bank\u00f3w Sp\u00f3\u0142dzielczych nr 2\/2018<br><a href=\"https:\/\/www.kzbs.pl\/Numer-2-2018.html\" target=\"_blank\" rel=\"noreferrer noopener\">https:\/\/www.kzbs.pl\/Numer-2-2018.html<\/a><\/li><li><em>Nowe zagro\u017cenie dla bran\u017cy p\u0142atniczej. B\u0119d\u0105 k\u0142opoty wynikaj\u0105ce z op\u00f3\u017anienia implementacji nowych przepis\u00f3w o danych osobowych<\/em>, Cashless.pl<br><a href=\"https:\/\/www.cashless.pl\/3702-nowe-zagrozenie-dla-branzy-platniczej-beda-klopoty-wynikajace-z-opoznienia-implementacji-nowych-przepisow-o-danych-osobowych\" target=\"_blank\" rel=\"noreferrer noopener\">https:\/\/www.cashless.pl\/3702-nowe-zagrozenie-dla-branzy-platniczej-beda-klopoty-wynikajace-z-opoznienia-implementacji-nowych-przepisow-o-danych-osobowych<\/a><\/li><li><em>Chmury nad chmur\u0105 obliczeniow\u0105. Stanowisko KNF nie rozwiewa w\u0105tpliwo\u015bci co do zasad korzystania z cloud computingu<\/em>, Cashless.pl<br><a href=\"https:\/\/www.cashless.pl\/3328-chmury-nad-chmura-obliczeniowa-stanowisko-knf-nie-rozwiewa-watpliwosci-co-do-zasad-korzystania-z-cloud-computingu\" target=\"_blank\" rel=\"noreferrer noopener\">https:\/\/www.cashless.pl\/3328-chmury-nad-chmura-obliczeniowa-stanowisko-knf-nie-rozwiewa-watpliwosci-co-do-zasad-korzystania-z-cloud-computingu<\/a><\/li><li><em>Prawna ochrona informacji o rachunku p\u0142atniczym w \u015bwietle us\u0142ugi dost\u0119pu do informacji o rachunku (AIS)<\/em>, Monitor Prawa Bankowego 2017, nr 7-8 (80-81).<br><a rel=\"noreferrer noopener\" href=\"https:\/\/www.monitorpb.pl\/_wydania\/877.pdf\" target=\"_blank\">https:\/\/www.monitorpb.pl\/_wydania\/877.pdf<\/a><\/li><li><em>System ochrony akceptanta kart p\u0142atniczych w unijnym rozporz\u0105dzeniu ws. op\u0142at interchange<\/em>, Monitor Prawa Bankowego 2017, nr 6 (79)<br><a href=\"https:\/\/www.monitorpb.pl\/_wydania\/867.pdf\" target=\"_blank\" rel=\"noreferrer noopener\">https:\/\/www.monitorpb.pl\/_wydania\/867.pdf<\/a><\/li><li><em>Bankowo\u015b\u0107 bez bank\u00f3w? \u2013 wizja unijnej regulacji us\u0142ug bankowych<\/em> [w:] &#8222;Polityka i praktyka regulacji rynk\u00f3w finansowych&#8221;, red. W. Rogowski, Oficyna Allerhanda, Krak\u00f3w-Warszawa 2015.<\/li><\/ol>\n","protected":false},"excerpt":{"rendered":"<p>Outsourcing chmurowy us\u0142ug otwartej bankowo\u015bci w dzia\u0142alno\u015bci bank\u00f3w, Monitor Prawa Bankowego 2021 nr 7-8 (128-129)https:\/\/www.monitorpb.pl\/_wydania\/1398.pdf Przetwarzanie danych osobowych cz\u0142onk\u00f3w zarz\u0105du i os\u00f3b pe\u0142ni\u0105cych inne kluczowe funkcje w banku \u2013 wybrane zagadnienia, Monitor Prawa Bankowego 2019 nr 7-8 (104-105)https:\/\/www.monitorpb.pl\/_wydania\/1133.pdf RODO na [&hellip;]<\/p>\n","protected":false},"author":1,"featured_media":0,"parent":29,"menu_order":0,"comment_status":"closed","ping_status":"closed","template":"page-templates\/page_fullwidth.php","meta":[],"_links":{"self":[{"href":"https:\/\/www.mostowik.pl\/index.php\/wp-json\/wp\/v2\/pages\/83"}],"collection":[{"href":"https:\/\/www.mostowik.pl\/index.php\/wp-json\/wp\/v2\/pages"}],"about":[{"href":"https:\/\/www.mostowik.pl\/index.php\/wp-json\/wp\/v2\/types\/page"}],"author":[{"embeddable":true,"href":"https:\/\/www.mostowik.pl\/index.php\/wp-json\/wp\/v2\/users\/1"}],"replies":[{"embeddable":true,"href":"https:\/\/www.mostowik.pl\/index.php\/wp-json\/wp\/v2\/comments?post=83"}],"version-history":[{"count":5,"href":"https:\/\/www.mostowik.pl\/index.php\/wp-json\/wp\/v2\/pages\/83\/revisions"}],"predecessor-version":[{"id":101,"href":"https:\/\/www.mostowik.pl\/index.php\/wp-json\/wp\/v2\/pages\/83\/revisions\/101"}],"up":[{"embeddable":true,"href":"https:\/\/www.mostowik.pl\/index.php\/wp-json\/wp\/v2\/pages\/29"}],"wp:attachment":[{"href":"https:\/\/www.mostowik.pl\/index.php\/wp-json\/wp\/v2\/media?parent=83"}],"curies":[{"name":"wp","href":"https:\/\/api.w.org\/{rel}","templated":true}]}}